{"id":26073,"date":"2025-10-20T08:02:35","date_gmt":"2025-10-20T08:02:35","guid":{"rendered":"https:\/\/xn--brndpunkt-h3a.dk\/?post_type=product&#038;p=26073"},"modified":"2026-04-07T05:50:13","modified_gmt":"2026-04-07T05:50:13","slug":"naar-man-elsker-af-anne-zenon","status":"publish","type":"product","link":"https:\/\/xn--brndpunkt-h3a.dk\/index.php\/product\/naar-man-elsker-af-anne-zenon\/","title":{"rendered":"N\u00e5r man elsker af Anne Zenon"},"content":{"rendered":"","protected":false},"excerpt":{"rendered":"<p>&nbsp;<\/p>\n<p><em><strong>N\u00c5R MAN ELSKER<\/strong><\/em> er en roman om store dr\u00f8mme, k\u00e6rlighed, forsoning og modet til at tage livet i egne h\u00e6nder.<\/p>\n<p>Molly vokser op p\u00e5 en cementfabrik, hvor st\u00f8vet sl\u00f8rer b\u00e5de udsyn og dr\u00f8mme. Altid p\u00e5 jagt efter nye eventyr s\u00f8ger hun som ung til K\u00f8benhavn, men efterlader ogs\u00e5 en barndomshemmelighed, der stadig br\u00e6nder i hende.<\/p>\n<p>Med evig fart p\u00e5 livet finder hun den k\u00e6rlighed, hun altid har s\u00f8gt, men som ung mor til to sm\u00e5 b\u00f8rn st\u00e5r politiet en dag uden for hendes d\u00f8r med en rystende besked. Da den livsomv\u00e6ltende krise er ved at klinge af, m\u00f8der hun den excentriske rigmand, der tilbyder et liv p\u00e5 f\u00f8rste klasse med kasinobes\u00f8g, rejser og dyre biler.<\/p>\n<p>Uanset hvor langt Molly rejser, s\u00e5 er der altid barndomsveninden Marie, som p\u00e5 godt og ondt minder hende om, hvad hun kom fra.<\/p>\n<p>MED ILD OG ASKE som gennemg\u00e5ende billede unders\u00f8ger N\u00e5r man elsker, hvordan vi b\u00e6rer fortiden med os \u2014 hvordan vi tilgiver os selv for det, vi gjorde, da vi elskede, og hvordan vi kan elske igen.<\/p>\n<p>Romanen er frit skrevet over Inge Werners liv af Anne Zenon.<\/p>\n<p><strong>ANNE ZENON<\/strong> har tidligere skrevet digtromanerne <em>Ikke noget at tale om<\/em> og <em>Der er nogen der siger<\/em>. I 2024 udgav hun ungdomsromanen <em>Balalas fest.<\/em><\/p>\n<p><strong>INGE WERNER<\/strong> er f\u00f8dt og opvokset ved Mariager Fjord. Hun bor i dag i Costa Rica.<\/p>\n<p><strong>Uddrag<\/strong><br \/>\nHeksen rejste sig ogs\u00e5 og fangede st\u00e6digt hendes blik.<br \/>\n\u201dDu har engang startet en brand!\u201d<br \/>\n\u201dEn brand?\u201d Molly tog sin taske under armen og hev vejret helt ned i lungerne for at f\u00e5 ilt nok. Et orange flammehav fyldte hende, og varmen l\u00f8b over ryggen.<br \/>\nUtilpas og svimmel gik hun mod d\u00f8ren uden at sige noget.<br \/>\n\u201dDu skal have slukket den brand,\u201d insisterede Heksen.<\/p>\n<p>&nbsp;<\/p>\n<a href='https:\/\/www.saxo.com\/dk\/naar-man-elsker_bog_9788785348272' class='small-button smallblue' target=\"_blank\">K\u00f8b bogen her<\/a>\n<p>&nbsp;<\/p>\n<p><strong><em>N\u00e5r man elsker<\/em> kan ogs\u00e5 k\u00f8bes som e-bog og lydbog<\/strong><\/p>\n<p>&nbsp;<\/p>\n<a href='https:\/\/www.saxo.com\/dk\/naar-man-elsker_ebog_9788785348388' class='small-button smallblue' target=\"_blank\">K\u00f8b e-bogen her<\/a>\n<p>&nbsp;<\/p>\n<a href='https:\/\/www.saxo.com\/dk\/naar-man-elsker_lydbog_9788785348401' class='small-button smallblue' target=\"_blank\">K\u00f8b lydbogen her<\/a>\n","protected":false},"featured_media":26078,"comment_status":"open","ping_status":"closed","template":"","meta":{"_et_pb_use_builder":"","_et_pb_old_content":"","_et_gb_content_width":""},"product_cat":[76,43],"product_tag":[],"class_list":["post-26073","product","type-product","status-publish","has-post-thumbnail","hentry","product_cat-romaner","product_cat-boger"],"_links":{"self":[{"href":"https:\/\/xn--brndpunkt-h3a.dk\/index.php\/wp-json\/wp\/v2\/product\/26073"}],"collection":[{"href":"https:\/\/xn--brndpunkt-h3a.dk\/index.php\/wp-json\/wp\/v2\/product"}],"about":[{"href":"https:\/\/xn--brndpunkt-h3a.dk\/index.php\/wp-json\/wp\/v2\/types\/product"}],"replies":[{"embeddable":true,"href":"https:\/\/xn--brndpunkt-h3a.dk\/index.php\/wp-json\/wp\/v2\/comments?post=26073"}],"wp:featuredmedia":[{"embeddable":true,"href":"https:\/\/xn--brndpunkt-h3a.dk\/index.php\/wp-json\/wp\/v2\/media\/26078"}],"wp:attachment":[{"href":"https:\/\/xn--brndpunkt-h3a.dk\/index.php\/wp-json\/wp\/v2\/media?parent=26073"}],"wp:term":[{"taxonomy":"product_cat","embeddable":true,"href":"https:\/\/xn--brndpunkt-h3a.dk\/index.php\/wp-json\/wp\/v2\/product_cat?post=26073"},{"taxonomy":"product_tag","embeddable":true,"href":"https:\/\/xn--brndpunkt-h3a.dk\/index.php\/wp-json\/wp\/v2\/product_tag?post=26073"}],"curies":[{"name":"wp","href":"https:\/\/api.w.org\/{rel}","templated":true}]}}