{"id":15505,"date":"2023-11-18T13:00:33","date_gmt":"2023-11-18T13:00:33","guid":{"rendered":"https:\/\/xn--brndpunkt-h3a.dk\/?post_type=product&#038;p=15505"},"modified":"2025-10-31T14:53:52","modified_gmt":"2025-10-31T14:53:52","slug":"kampen-om-kraftfeltet-skyggelinsen-2-jakob-drud","status":"publish","type":"product","link":"https:\/\/xn--brndpunkt-h3a.dk\/index.php\/product\/kampen-om-kraftfeltet-skyggelinsen-2-jakob-drud\/","title":{"rendered":"Kampen om kraftfeltet &#8211; Skyggelinsen 2 &#8211; Jakob Drud"},"content":{"rendered":"","protected":false},"excerpt":{"rendered":"<p>&nbsp;<\/p>\n<p style=\"margin: 0cm; background: white;\"><i><span style=\"color: black;\">&#8220;Jeg ser dig, Martin Eliassen.&#8221;<br \/>\nNoget susede forbi Martins krop. Det f\u00f8ltes som en gr\u00e5dig tr\u00e6kvind, der gled hen over hans s\u00e5rede kn\u00e6 og sm\u00f8g sig op langs den forsl\u00e5ede albue i pulserende gl\u00e6de over hans smerte. Nej, gl\u00e6de var ikke st\u00e6rkt nok. F\u00f8lelsen fra m\u00f8rket omkring kameraet var tyk af h\u00e6vngerrig triumf.<\/span><\/i><\/p>\n<p style=\"margin: 0cm; background: white;\"><span style=\"color: black;\">Efter Martins opg\u00f8r med Manden fra Sombra begynder der at ske ulykker p\u00e5 Markg\u00e5rdskolen. Da Martin selv sl\u00e5r sig, opdager han, at noget gemmer sig i skolens kameraer. Noget levende, der er undsluppet fra Sombras v\u00e6rksted og nu bruger ulykkerne til at samle energi gennem et kraftfelt.<\/span><\/p>\n<p style=\"margin: 0cm; background: white;\"><span style=\"color: black;\">Martin og hans venner beslutter at \u00f8del\u00e6gge kraftfeltet, f\u00f8r nogen kommer alvorligt til skade. Det bliver startskuddet til en kamp p\u00e5 liv og d\u00f8d mod en fjende, som b\u00e5de benytter overv\u00e5gning og m\u00f8rk magi til at rydde enhver modstand af vejen.<\/span><\/p>\n<p style=\"margin: 0cm; background: white;\"><strong><i><span style=\"color: black;\">Kampen om kraftfeltet<\/span><\/i><\/strong><span style=\"color: black;\">\u00a0er anden og sidste del i serien om Skyggelinsen.<\/span><\/p>\n<div class=\"page\" title=\"Page 1\">\n<div class=\"section\">\n<div class=\"layoutArea\">\n<div class=\"column\">\n<p><strong>Jakob Drud<\/strong> (f. 1975) har skrevet science fiction og fantasy de sidste 15 a\u030ar. Han er drevet af at se verden fra sa\u030a mange forskellige vinkler som muligt, sa\u030a hans fort\u00e6llinger er fyldt med videnskab, historie, magi og filosofi. Og verdener befolket af b\u00f8rn og voksne, som s\u00f8ger det, man ikke lige ser med det blotte \u00f8je.<\/p>\n<\/div>\n<\/div>\n<\/div>\n<p>&nbsp;<\/p>\n<\/div>\n<a href='https:\/\/www.saxo.com\/dk\/skyggelinsen_bog_9788794534246' class='small-button smallblue' target=\"_blank\">K\u00f8b bogen her<\/a>\n<p>&nbsp;<\/p>\n<p><strong><em>Kampen om kraftfeltet<\/em> kan ogs\u00e5 k\u00f8bes som e-bog og lydbog<br \/>\n<\/strong><\/p>\n<p>&nbsp;<\/p>\n<a href='https:\/\/www.saxo.com\/dk\/kampen-om-kraftfeltet_ebog_9788794534383' class='small-button smallblue' target=\"_blank\">K\u00f8b e-bogen her<\/a>\n<p>&nbsp;<\/p>\n<a href='https:\/\/www.saxo.com\/dk\/kampen-om-kraftfeltet_lydbog_9788794534598' class='small-button smallblue' target=\"_blank\">K\u00f8b lydbogen her<\/a>\n<p>&nbsp;<\/p>\n","protected":false},"featured_media":15507,"comment_status":"open","ping_status":"closed","template":"","meta":{"_et_pb_use_builder":"","_et_pb_old_content":"","_et_gb_content_width":""},"product_cat":[74,81,75,43],"product_tag":[],"class_list":["post-15505","product","type-product","status-publish","has-post-thumbnail","hentry","product_cat-boerneboeger","product_cat-serier","product_cat-ungdomsboeger","product_cat-boger"],"_links":{"self":[{"href":"https:\/\/xn--brndpunkt-h3a.dk\/index.php\/wp-json\/wp\/v2\/product\/15505"}],"collection":[{"href":"https:\/\/xn--brndpunkt-h3a.dk\/index.php\/wp-json\/wp\/v2\/product"}],"about":[{"href":"https:\/\/xn--brndpunkt-h3a.dk\/index.php\/wp-json\/wp\/v2\/types\/product"}],"replies":[{"embeddable":true,"href":"https:\/\/xn--brndpunkt-h3a.dk\/index.php\/wp-json\/wp\/v2\/comments?post=15505"}],"wp:featuredmedia":[{"embeddable":true,"href":"https:\/\/xn--brndpunkt-h3a.dk\/index.php\/wp-json\/wp\/v2\/media\/15507"}],"wp:attachment":[{"href":"https:\/\/xn--brndpunkt-h3a.dk\/index.php\/wp-json\/wp\/v2\/media?parent=15505"}],"wp:term":[{"taxonomy":"product_cat","embeddable":true,"href":"https:\/\/xn--brndpunkt-h3a.dk\/index.php\/wp-json\/wp\/v2\/product_cat?post=15505"},{"taxonomy":"product_tag","embeddable":true,"href":"https:\/\/xn--brndpunkt-h3a.dk\/index.php\/wp-json\/wp\/v2\/product_tag?post=15505"}],"curies":[{"name":"wp","href":"https:\/\/api.w.org\/{rel}","templated":true}]}}