{"id":15463,"date":"2025-10-20T06:09:07","date_gmt":"2025-10-20T06:09:07","guid":{"rendered":"https:\/\/xn--brndpunkt-h3a.dk\/?post_type=product&#038;p=15463"},"modified":"2026-05-04T12:47:18","modified_gmt":"2026-05-04T12:47:18","slug":"min-kat-er-superskurk-af-charlotte-berwald","status":"publish","type":"product","link":"https:\/\/xn--brndpunkt-h3a.dk\/index.php\/product\/min-kat-er-superskurk-af-charlotte-berwald\/","title":{"rendered":"Min kat er superskurk af Charlotte Berwald"},"content":{"rendered":"","protected":false},"excerpt":{"rendered":"<p>&nbsp;<\/p>\n<p>I Danmark har Den onde pr\u00e6sident Signe Sund stadig magten. Hun har, som du m\u00e5ske husker, forbudt slik, sodavand, junkfood og gyserfilm. Alle, der forbryder sig mod de nye love bliver smidt i b\u00f8rnef\u00e6ngsel!<\/p>\n<p>Magnus er blevet befriet fra b\u00f8rnef\u00e6ngslet af Nicklas og Don Miki. Problemet er bare, at han ikke kan tage hjem sin sine for\u00e6ldre. Nicklas er igen n\u00f8dt til at indg\u00e5 en aftale med\u2028verdens ondeste kat.<\/p>\n<p>Men hvordan kommer man af med en ond pr\u00e6sident?<\/p>\n<p><em><strong>Min kat er superskurk<\/strong><\/em> er den tredje bog om Nicklas og verdens ondeste kat.\u2028Den f\u00f8rste bog, <em>Min kat er seriemorder<\/em>, vandt Orlaprisen for at v\u00e6re s\u00e5 uhyggelig og sjov, at b\u00f8rnene sked i bukserne af skr\u00e6k. Den anden bog <em>Min kat er gangster<\/em> vandt ogs\u00e5 Orlaprisen, fordi den fik b\u00f8rnene til at bide negle.<\/p>\n<p>Charlotte Berwald, f. 1990, bosiddende i Nordjylland, er en prisvindende dansk forfatter kendt for\u00a0<strong>Orlaprisvinderne\u00a0<em>Min kat er seriemorder<\/em>\u00a0og\u00a0<em>Min kat er gangster\u00a0<\/em><\/strong>samt et alsidigt b\u00f8rnebogsforfatterskab med heste som tema.<\/p>\n<p>&nbsp;<\/p>\n<a href='https:\/\/www.saxo.com\/dk\/min-kat-er-superskurk_bog_9788794534260' class='small-button smallblue' target=\"_blank\">K\u00f8b Min kat er superskurk her<\/a>\n<p>&nbsp;<\/p>\n<p><strong><em>Min kat er superskurk<\/em> kan ogs\u00e5 k\u00f8bes som e-bog og lydbog<br \/>\n<\/strong><\/p>\n<p>&nbsp;<\/p>\n<a href='https:\/\/www.saxo.com\/dk\/min-kat-er-superskurk_ebog_9788794534468' class='small-button smallblue' target=\"_blank\">K\u00f8b e-bogen her<\/a>\n<a href='https:\/\/www.saxo.com\/dk\/min-kat-er-superskurk_lydbog_9788794534680' class='small-button smallblue' target=\"_blank\">K\u00f8b lydbogen her<\/a>\n","protected":false},"featured_media":15567,"comment_status":"open","ping_status":"closed","template":"","meta":{"_et_pb_use_builder":"","_et_pb_old_content":"","_et_gb_content_width":""},"product_cat":[74,81,43],"product_tag":[],"class_list":["post-15463","product","type-product","status-publish","has-post-thumbnail","hentry","product_cat-boerneboeger","product_cat-serier","product_cat-boger"],"_links":{"self":[{"href":"https:\/\/xn--brndpunkt-h3a.dk\/index.php\/wp-json\/wp\/v2\/product\/15463"}],"collection":[{"href":"https:\/\/xn--brndpunkt-h3a.dk\/index.php\/wp-json\/wp\/v2\/product"}],"about":[{"href":"https:\/\/xn--brndpunkt-h3a.dk\/index.php\/wp-json\/wp\/v2\/types\/product"}],"replies":[{"embeddable":true,"href":"https:\/\/xn--brndpunkt-h3a.dk\/index.php\/wp-json\/wp\/v2\/comments?post=15463"}],"wp:featuredmedia":[{"embeddable":true,"href":"https:\/\/xn--brndpunkt-h3a.dk\/index.php\/wp-json\/wp\/v2\/media\/15567"}],"wp:attachment":[{"href":"https:\/\/xn--brndpunkt-h3a.dk\/index.php\/wp-json\/wp\/v2\/media?parent=15463"}],"wp:term":[{"taxonomy":"product_cat","embeddable":true,"href":"https:\/\/xn--brndpunkt-h3a.dk\/index.php\/wp-json\/wp\/v2\/product_cat?post=15463"},{"taxonomy":"product_tag","embeddable":true,"href":"https:\/\/xn--brndpunkt-h3a.dk\/index.php\/wp-json\/wp\/v2\/product_tag?post=15463"}],"curies":[{"name":"wp","href":"https:\/\/api.w.org\/{rel}","templated":true}]}}