{"id":1458,"date":"2017-11-13T00:40:15","date_gmt":"2017-11-13T00:40:15","guid":{"rendered":"http:\/\/xn--brndpunkt-h3a.dk\/?post_type=product&#038;p=1458"},"modified":"2025-09-25T08:26:53","modified_gmt":"2025-09-25T08:26:53","slug":"vi-vagner-i-sibirien-af-martin-paludan","status":"publish","type":"product","link":"https:\/\/xn--brndpunkt-h3a.dk\/index.php\/product\/vi-vagner-i-sibirien-af-martin-paludan\/","title":{"rendered":"Vi v\u00e5gner i Sibirien af Martin Paludan"},"content":{"rendered":"","protected":false},"excerpt":{"rendered":"<p>&nbsp;<\/p>\n<p>Martin Paludans apokalyptiske roman <strong><em>Vi v\u00e5gner i Sibirien<\/em><\/strong> udspiller sig p\u00e5 afgrunden af en vinter, der tilsyneladende vil stoppe livet, som vi kender det.<\/p>\n<p>I romanens prolog befinder fort\u00e6lleren sig i et hus et sted uden for Aarhus, hvor han forbereder sig p\u00e5 at overleve s\u00e5 godt som muligt. Samtidig henvender han sig i skriften til et <em>du<\/em>, som han ikke l\u00e6ngere er \u2028sammen med.<\/p>\n<p>Herefter f\u00f8lger vi historien om mandens forelskelse i netop dette <em>du<\/em>, som vil noget andet og mere med samfundet end han selv. Vi f\u00f8lger dem gennem en tid, hvor Danmark gradvist g\u00e5r i opl\u00f8sning, og hvor deres forskellige m\u00e5der at forholde sig til kriser, politik og religion bliver afg\u00f8rende for deres forhold. Den kvindelige hovedperson bliver en central figur i et diffust opr\u00f8r, men fort\u00e6lleren dr\u00f8mmer om en sm\u00e5borgerlig tilv\u00e6relse. Alt imens verden gradvist sner til, og forestillingen om en normal tilv\u00e6relse fremst\u00e5r alt mere desperat.<\/p>\n<p>Kvindens og mandens forskellige livssyn bliver afg\u00f8rende for den m\u00e5de, de forholder sig til sammenbruddet; samfundets s\u00e5vel som deres eget.<\/p>\n<p>Vi v\u00e5gner i Sibirien bev\u00e6ger sig i sp\u00e6ndet mellem virkelighed og fantasi.<\/p>\n<p><strong>Martin Paludan<\/strong>, f. 1990, cand.mag. i dansk og retorik, har tidligere udgivet novellen <em>Lys, levende og langt v\u00e6k <\/em>i antologien <em>Undergang<\/em>. <em>Vi v\u00e5gner i Sibirien<\/em> er hans debutroman.<\/p>\n<p>&nbsp;<\/p>\n<p><strong><em>Vi v\u00e5gner i Sibirien<\/em> kan k\u00f8bes som lydbog og e-bog<\/strong><\/p>\n<p>&nbsp;<\/p>\n<a href='https:\/\/www.plusbog.dk\/vi-vaagner-i-sibirien-martin-paludan-9788793383494\/' class='small-button smallblue' target=\"_blank\">K\u00f8b e-bogen her<\/a>\n<p>&nbsp;<\/p>\n<a href='https:\/\/www.plusbog.dk\/vi-vaagner-i-sibirien-martin-paludan-9788793835153' class='small-button smallblue' target=\"_blank\">K\u00f8b lydbogen her<\/a>\n","protected":false},"featured_media":13993,"comment_status":"open","ping_status":"closed","template":"","meta":{"_et_pb_use_builder":"","_et_pb_old_content":"","_et_gb_content_width":""},"product_cat":[76,43],"product_tag":[],"class_list":["post-1458","product","type-product","status-publish","has-post-thumbnail","hentry","product_cat-romaner","product_cat-boger"],"_links":{"self":[{"href":"https:\/\/xn--brndpunkt-h3a.dk\/index.php\/wp-json\/wp\/v2\/product\/1458"}],"collection":[{"href":"https:\/\/xn--brndpunkt-h3a.dk\/index.php\/wp-json\/wp\/v2\/product"}],"about":[{"href":"https:\/\/xn--brndpunkt-h3a.dk\/index.php\/wp-json\/wp\/v2\/types\/product"}],"replies":[{"embeddable":true,"href":"https:\/\/xn--brndpunkt-h3a.dk\/index.php\/wp-json\/wp\/v2\/comments?post=1458"}],"wp:featuredmedia":[{"embeddable":true,"href":"https:\/\/xn--brndpunkt-h3a.dk\/index.php\/wp-json\/wp\/v2\/media\/13993"}],"wp:attachment":[{"href":"https:\/\/xn--brndpunkt-h3a.dk\/index.php\/wp-json\/wp\/v2\/media?parent=1458"}],"wp:term":[{"taxonomy":"product_cat","embeddable":true,"href":"https:\/\/xn--brndpunkt-h3a.dk\/index.php\/wp-json\/wp\/v2\/product_cat?post=1458"},{"taxonomy":"product_tag","embeddable":true,"href":"https:\/\/xn--brndpunkt-h3a.dk\/index.php\/wp-json\/wp\/v2\/product_tag?post=1458"}],"curies":[{"name":"wp","href":"https:\/\/api.w.org\/{rel}","templated":true}]}}