{"id":1233,"date":"2017-05-29T15:15:13","date_gmt":"2017-05-29T15:15:13","guid":{"rendered":"http:\/\/xn--brndpunkt-h3a.dk\/?post_type=product&#038;p=1233"},"modified":"2026-04-10T09:06:41","modified_gmt":"2026-04-10T09:06:41","slug":"run-rhino-run-af-lars-orlund","status":"publish","type":"product","link":"https:\/\/xn--brndpunkt-h3a.dk\/index.php\/product\/run-rhino-run-af-lars-orlund\/","title":{"rendered":"Run Rhino Run af Lars \u00d8rlund"},"content":{"rendered":"","protected":false},"excerpt":{"rendered":"<p>&nbsp;<\/p>\n<p>\u00c5ret er 2015 og den Britiske efterretningstjeneste har en r\u00e6kke nye projekter, et af dem er LCA \u2013 Lost Children Agency, en lille specialgruppe der, under ledelse af Laura Asmail, pr\u00f8ver at finde ud af hvad der sker med de godt 300 afrikanske b\u00f8rn, der hvert \u00e5r forsvinder fra London. Rygterne g\u00e5r p\u00e5, at b\u00f8rnene slagtes for at skaffe organer og naturmedicin til at stadig st\u00f8rre marked.<\/p>\n<p>Efter sin fyring og deportation fra UK til Sydafrika, har Jan Steyn kastet sig over kampen for at ramme de fjerne asiatiske bagm\u00e6nd der truer med, i l\u00f8bet af f\u00e5 \u00e5r, at udrydde kontinentets bestand af n\u00e6sehorn og elefanter. En kamp han og en lille h\u00e5ndfuld tidligere \u201dS\u00e6ler\u201d er parat til at ofre livet for. MEN\u2026<\/p>\n<p>B\u00e5de Laura og Jan finder hurtigt ud af at verden ikke er helt som den umiddelbart ser ud. For nogen langt oppe i det politiske og \u00f8konomiske system \u00f8nsker tilsyneladende ikke, at deres kampe skal lykkes. Problemet er hvem b\u00e5de hun og Jan overhovedet kan stole p\u00e5, ogs\u00e5 blandt deres egne.<\/p>\n<p>Da Laura, i udkanten af London, finder et \u201dslagtehus\u201d og en fryser fyldt af sm\u00e5 b\u00f8rnekroppe, sender hun en agent afsted for at f\u00f8lge sporet efter de tusinder af illegale migranter, der fors\u00f8ger at rejse fra Vestafrikas h\u00e5bl\u00f8se fattigdom til Europa. I Libyen forsvinder agenten pludselig, men hans sidste meddelelse tyder p\u00e5 at han har fundet endestationen for en r\u00e6kke intetanende organdonorer.<\/p>\n<p>Laura bliver n\u00f8dt til at handle hurtigt, men i tjenesten mener man ikke at en enkelt agent er v\u00e6rd at stable en st\u00f8rre redningsaktion p\u00e5 benene for, og da Libyen samtidigt er et venligsindet land, vil en s\u00e5dan aktion ogs\u00e5 give en masser politiske problemer for den siddende britiske regering.<\/p>\n<p>Sk\u00f8nt det langt overstiger hendes bef\u00f8jelser beder Laura, i desperation, Jan og hans lille team af elitesoldater om at redde hendes agent. Sp\u00f8rgsm\u00e5let er om Jan kan v\u00e6re klar til et raid i et fremmed land p\u00e5 de f\u00e5 timer han har til r\u00e5dighed. Problemet bliver ikke mindre af, at de foran hospitalet finder to russiske KA-50 kamphelikoptere og en ledende russisk efterretningsofficer med p\u00e5tr\u00e6ngende behov for nye organer.<\/p>\n<p><strong>Lars \u00d8rlund<\/strong>, der udover en r\u00e6kke overs\u00e6ttelser fra tysk, engelsk, og fransk, har skrevet 20 b\u00f8ger i forskellige genrer, er absolut mest p\u00e5 hjemmebane med sine politiske thrillere. Historierne er f\u00e6ngslende l\u00e6sning fra f\u00f8rste til sidste side og emmer af indsigt.<\/p>\n<p>Persongalleriet? Ja om det skyldes en fortid som udenrigsjournalist for b\u00e5de DR. TV- og Radio eller et langt liv levet p\u00e5 fem kontinenter er sv\u00e6rt at sige, men med s\u00e5 eksotiske besk\u00e6ftigelser som dykker, lejesoldat, vildtbetjent, safarileder og storvildj\u00e6ger er det ikke sv\u00e6rt at g\u00e6tte sig til hvorfra inspirationen til b\u00f8gernes mange sp\u00e6ndende personligheder kommer.<\/p>\n<p>Noget andet som if\u00f8lge anmelderne kendetegner hans b\u00f8ger er de fantastiske milj\u00f8er og rammer som historierne udspilles i. Dette skyldes i h\u00f8j grad at b\u00f8gerne bliver skrevet p\u00e5 de lokaliteter hvor de foreg\u00e5r, hvad enten det er en nubisk \u00f8rken, en afrikansk landsby, Slummet i Hanoi eller et velhaverkvarter i Sydfrankrig. En anmelder beskrev det s\u00e5ledes: \u201dLars \u00d8rlund har ikke sin viden fra b\u00f8ger, men har selv \u00f8rkensand under st\u00f8vlerne. Det g\u00f8r en forskel.\u201d<\/p>\n<p>&nbsp;<\/p>\n<p><strong><em>Run Rhino Run<\/em> kan k\u00f8bes som e-bog<\/strong><\/p>\n<p>&nbsp;<\/p>\n<a href='https:\/\/www.saxo.com\/dk\/run-rhino-run_lars-oerlund_epub_9788793383425' class='small-button smallblue' target=\"_blank\">K\u00f8b e-bogen her<\/a>\n","protected":false},"featured_media":13994,"comment_status":"open","ping_status":"closed","template":"","meta":{"_et_pb_use_builder":"","_et_pb_old_content":"","_et_gb_content_width":""},"product_cat":[73,43],"product_tag":[],"class_list":["post-1233","product","type-product","status-publish","has-post-thumbnail","hentry","product_cat-krimi","product_cat-boger"],"_links":{"self":[{"href":"https:\/\/xn--brndpunkt-h3a.dk\/index.php\/wp-json\/wp\/v2\/product\/1233"}],"collection":[{"href":"https:\/\/xn--brndpunkt-h3a.dk\/index.php\/wp-json\/wp\/v2\/product"}],"about":[{"href":"https:\/\/xn--brndpunkt-h3a.dk\/index.php\/wp-json\/wp\/v2\/types\/product"}],"replies":[{"embeddable":true,"href":"https:\/\/xn--brndpunkt-h3a.dk\/index.php\/wp-json\/wp\/v2\/comments?post=1233"}],"wp:featuredmedia":[{"embeddable":true,"href":"https:\/\/xn--brndpunkt-h3a.dk\/index.php\/wp-json\/wp\/v2\/media\/13994"}],"wp:attachment":[{"href":"https:\/\/xn--brndpunkt-h3a.dk\/index.php\/wp-json\/wp\/v2\/media?parent=1233"}],"wp:term":[{"taxonomy":"product_cat","embeddable":true,"href":"https:\/\/xn--brndpunkt-h3a.dk\/index.php\/wp-json\/wp\/v2\/product_cat?post=1233"},{"taxonomy":"product_tag","embeddable":true,"href":"https:\/\/xn--brndpunkt-h3a.dk\/index.php\/wp-json\/wp\/v2\/product_tag?post=1233"}],"curies":[{"name":"wp","href":"https:\/\/api.w.org\/{rel}","templated":true}]}}