{"id":11985,"date":"2021-12-14T04:07:18","date_gmt":"2021-12-14T04:07:18","guid":{"rendered":"https:\/\/xn--brndpunkt-h3a.dk\/?post_type=product&#038;p=11985"},"modified":"2025-09-25T07:45:30","modified_gmt":"2025-09-25T07:45:30","slug":"vardekod-a-silvestri","status":"publish","type":"product","link":"https:\/\/xn--brndpunkt-h3a.dk\/index.php\/product\/vardekod-a-silvestri\/","title":{"rendered":"Vardek\u00f8d &#8211; A. Silvestri &#8211; Vinder af \u00c5rets Danske Horrorudgivelse!"},"content":{"rendered":"","protected":false},"excerpt":{"rendered":"<h3><\/h3>\n<h3><strong>Vinder af \u00c5rets Danske Horrorudgivelse!<\/strong><\/h3>\n<p>Det er nat i Varde, 1995. Regnen er ved at sl\u00e5 om til sne. En gennembl\u00f8dt dreng kommer g\u00e5ende fra havet. Den f\u00f8rste, der ser ham, er Roald, som er p\u00e5 vej hjem fra bridge. Den anden, der ser ham, er Gerd. Hendes mave rumler ildevarslende. Den tredje, der ser ham, er Ingelise. Hun b\u00e6rer frysende p\u00e5 et net appelsiner. Den fjerde, der ser ham, er Sanne. Hun kommer direkte fra Emils vandseng. Den femte, der ser ham, er Maneli, hvis varevogn er fyldt med sorte varer fra K\u00f8benhavn. Den sjette, der ser ham, er Tom Slagter. Det er ham, der k\u00f8rer drengen til politiet.<\/p>\n<p><em><strong>Vardek\u00f8d<\/strong><\/em> er en grotesk fort\u00e6lling, der snurrer om sig selv som en karussel. Hestene er mennesker fyldt med tab og h\u00e5b, og de minder der sidder som ar i k\u00f8det. L\u00e6seren inviteres til at ride dem en efter en.<\/p>\n<p><strong>A. Silvestri<\/strong> har et stort forfatterskab bag sig, der understreger hans eksperimentende og rastl\u00f8se tilgang til forfattergerningen. Af v\u00e6rker kan n\u00e6vnes den realistiske roman <em>Scener fra et parforhold<\/em>, hvor hvert kapitel er en ny genre, kortfiktionssamarbejdet med forfatteren A. Rune <em>FebruaryFICTION<\/em>, billedromanen <em>King<\/em>, der fik seks hjerter i Politiken og er illustreret af Christoffer Gertz Bech, romanen <em>Et satans arbejde <\/em>der f\u00f8rer l\u00e6seren p\u00e5 en vanvidstur gennem Helvede og novellesamlingen<em> N\u00e6sten her<\/em>, der var nomineret til Niels Klim-prisen i 2020. Siden 2008 har han medvirket i over 80 antologier med noveller, essays, lyrik og andet, i enhver t\u00e6nkelig genre. Han har vundet Niels Klim-prisen for science fiction fire gange, er modtager af DsFs Skulderklaplegat og er blevet udgivet p\u00e5 bl.a. russisk, kinesisk og engelsk.<\/p>\n<p>&nbsp;<\/p>\n<a href='https:\/\/www.saxo.com\/dk\/vardekoed_a-silvestri_haeftet_9788794083881' class='small-button smallblue' target=\"_blank\">K\u00f8b bogen her<\/a>\n<p>&nbsp;<\/p>\n<p><strong><em>Vardek\u00f8d<\/em> kan ogs\u00e5 k\u00f8bes som e-bog<\/strong><\/p>\n<p>&nbsp;<\/p>\n<a href='https:\/\/tales.dk\/vardekoed_a-silvestri_9788794229210' class='small-button smallblue' target=\"_blank\">K\u00f8b e-bogen her<\/a>\n","protected":false},"featured_media":11986,"comment_status":"open","ping_status":"closed","template":"","meta":{"_et_pb_use_builder":"","_et_pb_old_content":"","_et_gb_content_width":""},"product_cat":[76,43],"product_tag":[],"class_list":["post-11985","product","type-product","status-publish","has-post-thumbnail","hentry","product_cat-romaner","product_cat-boger"],"_links":{"self":[{"href":"https:\/\/xn--brndpunkt-h3a.dk\/index.php\/wp-json\/wp\/v2\/product\/11985"}],"collection":[{"href":"https:\/\/xn--brndpunkt-h3a.dk\/index.php\/wp-json\/wp\/v2\/product"}],"about":[{"href":"https:\/\/xn--brndpunkt-h3a.dk\/index.php\/wp-json\/wp\/v2\/types\/product"}],"replies":[{"embeddable":true,"href":"https:\/\/xn--brndpunkt-h3a.dk\/index.php\/wp-json\/wp\/v2\/comments?post=11985"}],"wp:featuredmedia":[{"embeddable":true,"href":"https:\/\/xn--brndpunkt-h3a.dk\/index.php\/wp-json\/wp\/v2\/media\/11986"}],"wp:attachment":[{"href":"https:\/\/xn--brndpunkt-h3a.dk\/index.php\/wp-json\/wp\/v2\/media?parent=11985"}],"wp:term":[{"taxonomy":"product_cat","embeddable":true,"href":"https:\/\/xn--brndpunkt-h3a.dk\/index.php\/wp-json\/wp\/v2\/product_cat?post=11985"},{"taxonomy":"product_tag","embeddable":true,"href":"https:\/\/xn--brndpunkt-h3a.dk\/index.php\/wp-json\/wp\/v2\/product_tag?post=11985"}],"curies":[{"name":"wp","href":"https:\/\/api.w.org\/{rel}","templated":true}]}}