{"id":1091,"date":"2017-03-19T07:04:39","date_gmt":"2017-03-19T07:04:39","guid":{"rendered":"http:\/\/xn--brndpunkt-h3a.dk\/?post_type=product&#038;p=1091"},"modified":"2025-10-31T15:01:47","modified_gmt":"2025-10-31T15:01:47","slug":"der-braender-en-ild-af-pia-rydahl","status":"publish","type":"product","link":"https:\/\/xn--brndpunkt-h3a.dk\/index.php\/product\/der-braender-en-ild-af-pia-rydahl\/","title":{"rendered":"Der br\u00e6nder en ild af Pia Rydahl"},"content":{"rendered":"","protected":false},"excerpt":{"rendered":"<p>&nbsp;<\/p>\n<p>L\u00e6seren inviteres ind over t\u00e6rsklen til et minikosmos. Her bor de mennesker, der arbejder p\u00e5 Holmegaard Glasv\u00e6rk. Handlingen zoomer t\u00e6t ind p\u00e5 en bestemt families liv. Glasmageren Erik, kantinebestyreren Hanne og deres 8-\u00e5rige datter, Maja.<\/p>\n<p>Da Erik rammes af en hjerneskade, f\u00e5r det alvorlige konsekvenser for familiens medlemmer. Ikke mindst for Hanne og Maja, som tvinges ud i nogle moralske dilemmaer.<\/p>\n<p><strong><em>Der br\u00e6nder en ild <\/em><\/strong>er en bev\u00e6gende skildring om, hvad der kan ske, n\u00e5r det st\u00e6rke b\u00e5nd mellem mennesker brydes.<\/p>\n<p><strong>Pia Rydahl<\/strong>, f.1970, er uddannet folkeskolel\u00e6rer og danskfaglig vejleder p\u00e5 Helsinge Realskole. Hun er opvokset p\u00e5 Sydsj\u00e6lland i et kreativt og skabende arbejdermilj\u00f8 p\u00e5 kanten af Holmegaard Mose.<\/p>\n<p>&nbsp;<\/p>\n<p><strong><em>Der br\u00e6nder en ild<\/em> kan k\u00f8bes som e-bog<\/strong><\/p>\n<p>&nbsp;<\/p>\n<a href='https:\/\/www.saxo.com\/dk\/der-braender-en-ild_pia-rydahl_epub_9788793383289' class='small-button smallblue' target=\"_blank\">K\u00f8b e-bogen her<\/a>\n","protected":false},"featured_media":1092,"comment_status":"open","ping_status":"closed","template":"","meta":{"_et_pb_use_builder":"","_et_pb_old_content":"","_et_gb_content_width":""},"product_cat":[76,81,43],"product_tag":[],"class_list":["post-1091","product","type-product","status-publish","has-post-thumbnail","hentry","product_cat-romaner","product_cat-serier","product_cat-boger"],"_links":{"self":[{"href":"https:\/\/xn--brndpunkt-h3a.dk\/index.php\/wp-json\/wp\/v2\/product\/1091"}],"collection":[{"href":"https:\/\/xn--brndpunkt-h3a.dk\/index.php\/wp-json\/wp\/v2\/product"}],"about":[{"href":"https:\/\/xn--brndpunkt-h3a.dk\/index.php\/wp-json\/wp\/v2\/types\/product"}],"replies":[{"embeddable":true,"href":"https:\/\/xn--brndpunkt-h3a.dk\/index.php\/wp-json\/wp\/v2\/comments?post=1091"}],"wp:featuredmedia":[{"embeddable":true,"href":"https:\/\/xn--brndpunkt-h3a.dk\/index.php\/wp-json\/wp\/v2\/media\/1092"}],"wp:attachment":[{"href":"https:\/\/xn--brndpunkt-h3a.dk\/index.php\/wp-json\/wp\/v2\/media?parent=1091"}],"wp:term":[{"taxonomy":"product_cat","embeddable":true,"href":"https:\/\/xn--brndpunkt-h3a.dk\/index.php\/wp-json\/wp\/v2\/product_cat?post=1091"},{"taxonomy":"product_tag","embeddable":true,"href":"https:\/\/xn--brndpunkt-h3a.dk\/index.php\/wp-json\/wp\/v2\/product_tag?post=1091"}],"curies":[{"name":"wp","href":"https:\/\/api.w.org\/{rel}","templated":true}]}}