{"id":119,"date":"2015-07-27T18:37:57","date_gmt":"2015-07-27T18:37:57","guid":{"rendered":"http:\/\/xn--brndpunkt-h3a.dk\/?page_id=119"},"modified":"2026-03-30T10:01:33","modified_gmt":"2026-03-30T10:01:33","slug":"manuskript","status":"publish","type":"page","link":"https:\/\/xn--brndpunkt-h3a.dk\/index.php\/manuskript\/","title":{"rendered":"Manuskript"},"content":{"rendered":"<p>[et_pb_section fb_built=&#8221;1&#8243; custom_padding_last_edited=&#8221;on|desktop&#8221; _builder_version=&#8221;4.13.1&#8243; background_enable_image=&#8221;off&#8221; custom_padding_tablet=&#8221;50px|0|50px|0&#8243; custom_padding_phone=&#8221;&#8221; transparent_background=&#8221;off&#8221; padding_mobile=&#8221;off&#8221; make_fullwidth=&#8221;off&#8221; use_custom_width=&#8221;off&#8221; width_unit=&#8221;on&#8221; global_colors_info=&#8221;{}&#8221;][et_pb_row _builder_version=&#8221;3.25&#8243; background_size=&#8221;initial&#8221; background_position=&#8221;top_left&#8221; background_repeat=&#8221;repeat&#8221; global_colors_info=&#8221;{}&#8221;][et_pb_column type=&#8221;4_4&#8243; _builder_version=&#8221;3.0.47&#8243; custom_padding=&#8221;|||&#8221; global_colors_info=&#8221;{}&#8221; custom_padding__hover=&#8221;|||&#8221;][et_pb_text _builder_version=&#8221;4.13.1&#8243; _module_preset=&#8221;default&#8221; global_colors_info=&#8221;{}&#8221;]<\/p>\n<h2 style=\"text-align: left;\">Indsend manuskript<\/h2>\n<p>&nbsp;<\/p>\n<p>P\u00e5 Forlaget Br\u00e6ndpunkt modtager vi gerne uopfordrede sk\u00f8nlitter\u00e6re manuskripter.<br \/>Vi modtager gerne manuskripter p\u00e5 digt- og novellesamlinger. Disse skal dog have et fokus p\u00e5 aktuelle samfundsm\u00e6ssige temaer.<br \/>Vi \u00f8nsker dog ikke manuskripter inden for illustrerede b\u00f8rneb\u00f8ger.<\/p>\n<p>For at begr\u00e6nse papirbrug \u00f8nsker vi manuskripter tilsendt digitalt til vores mail: <a href=\"mailto:forlaget.braendpunkt@gmail.com\">forlaget.braendpunkt@gmail.com<\/a><br \/>Send manuskriptet i WORD.<\/p>\n<p>Vedl\u00e6g et f\u00f8lgebrev med kontaktoplysninger: Navn, adresse, e-mailadresse og telefonnummer.<\/p>\n<p>Vi gl\u00e6der os til at modtage dit manuskript.<\/p>\n<p>&nbsp;<\/p>\n<p>[\/et_pb_text][et_pb_text _builder_version=&#8221;4.13.1&#8243; background_size=&#8221;initial&#8221; background_position=&#8221;top_left&#8221; background_repeat=&#8221;repeat&#8221; text_orientation=&#8221;center&#8221; module_alignment=&#8221;center&#8221; use_border_color=&#8221;off&#8221; border_color=&#8221;#ffffff&#8221; border_style=&#8221;solid&#8221; global_colors_info=&#8221;{}&#8221;]<\/p>\n<h2 style=\"text-align: left;\">De hyppigst\u00a0stillede sp\u00f8rgsm\u00e5l:<\/h2>\n<p>[\/et_pb_text][et_pb_toggle title=&#8221;Skal jeg s\u00e6tte mit manuskript op som en bog p\u00e5 forh\u00e5nd?&#8221; _builder_version=&#8221;4.13.1&#8243; background_size=&#8221;initial&#8221; background_position=&#8221;top_left&#8221; background_repeat=&#8221;repeat&#8221; use_border_color=&#8221;off&#8221; border_color=&#8221;#ffffff&#8221; border_style=&#8221;solid&#8221; global_colors_info=&#8221;{}&#8221;]<\/p>\n<p>Nej, vi foretr\u00e6kker at f\u00e5 tilsendt manuskripter, som ikke i forvejen er sat op som bog.<\/p>\n<p>[\/et_pb_toggle][et_pb_toggle title=&#8221;Hvilket format skal jeg sende manuskriptet i?&#8221; _builder_version=&#8221;4.13.1&#8243; background_size=&#8221;initial&#8221; background_position=&#8221;top_left&#8221; background_repeat=&#8221;repeat&#8221; use_border_color=&#8221;off&#8221; border_color=&#8221;#ffffff&#8221; border_style=&#8221;solid&#8221; global_colors_info=&#8221;{}&#8221;]<\/p>\n<p>Manuskripter indsendes som Word-dokumenter (.doc eller .docx).<\/p>\n<p>Husk, der skal sidetal i dokumentet.\u00a0<\/p>\n<p>[\/et_pb_toggle][et_pb_toggle title=&#8221;Kan jeg sende flere manuskripter p\u00e5 en gang?&#8221; _builder_version=&#8221;4.13.1&#8243; background_size=&#8221;initial&#8221; background_position=&#8221;top_left&#8221; background_repeat=&#8221;repeat&#8221; use_border_color=&#8221;off&#8221; border_color=&#8221;#ffffff&#8221; border_style=&#8221;solid&#8221; global_colors_info=&#8221;{}&#8221;]<\/p>\n<p>Nej. Vi foretr\u00e6kker, at du sender \u00e9t manuskript af gangen.<\/p>\n<p>[\/et_pb_toggle][et_pb_toggle title=&#8221;Hvor f\u00e6rdigt skal projektet v\u00e6re?&#8221; _builder_version=&#8221;4.13.1&#8243; background_size=&#8221;initial&#8221; background_position=&#8221;top_left&#8221; background_repeat=&#8221;repeat&#8221; use_border_color=&#8221;off&#8221; border_color=&#8221;#ffffff&#8221; border_style=&#8221;solid&#8221; global_colors_info=&#8221;{}&#8221;]<\/p>\n<p>Det er vigtigt, at manuskriptet er grundigt gennemarbejdet og f\u00e6rdigskrevet. Det skal desuden v\u00e6re gennemg\u00e5et for tast- sl\u00e5- og grammatikfejl. Vi vurderer manuskriptet ud fra det tilsendte materiale.<\/p>\n<p>[\/et_pb_toggle][et_pb_toggle title=&#8221;Hvordan ved jeg, om manuskriptet er modtaget?&#8221; _builder_version=&#8221;3.0.87&#8243; background_size=&#8221;initial&#8221; background_position=&#8221;top_left&#8221; background_repeat=&#8221;repeat&#8221; use_border_color=&#8221;off&#8221; border_color=&#8221;#ffffff&#8221; border_style=&#8221;solid&#8221; global_colors_info=&#8221;{}&#8221;]<\/p>\n<p>\nDu modtager en kvittering umiddelbart efter, du har sendt dit manuskript til os.<\/p>\n<p>[\/et_pb_toggle][et_pb_toggle title=&#8221;Hvor l\u00e6nge g\u00e5r der, f\u00f8r jeg f\u00e5r svar?&#8221; _builder_version=&#8221;4.13.1&#8243; background_size=&#8221;initial&#8221; background_position=&#8221;top_left&#8221; background_repeat=&#8221;repeat&#8221; z_index_tablet=&#8221;500&#8243; title_text_shadow_horizontal_length_tablet=&#8221;0px&#8221; title_text_shadow_vertical_length_tablet=&#8221;0px&#8221; title_text_shadow_blur_strength_tablet=&#8221;1px&#8221; closed_title_text_shadow_horizontal_length_tablet=&#8221;0px&#8221; closed_title_text_shadow_vertical_length_tablet=&#8221;0px&#8221; closed_title_text_shadow_blur_strength_tablet=&#8221;1px&#8221; body_text_shadow_horizontal_length_tablet=&#8221;0px&#8221; body_text_shadow_vertical_length_tablet=&#8221;0px&#8221; body_text_shadow_blur_strength_tablet=&#8221;1px&#8221; body_link_text_shadow_horizontal_length_tablet=&#8221;0px&#8221; body_link_text_shadow_vertical_length_tablet=&#8221;0px&#8221; body_link_text_shadow_blur_strength_tablet=&#8221;1px&#8221; body_ul_text_shadow_horizontal_length_tablet=&#8221;0px&#8221; body_ul_text_shadow_vertical_length_tablet=&#8221;0px&#8221; body_ul_text_shadow_blur_strength_tablet=&#8221;1px&#8221; body_ol_text_shadow_horizontal_length_tablet=&#8221;0px&#8221; body_ol_text_shadow_vertical_length_tablet=&#8221;0px&#8221; body_ol_text_shadow_blur_strength_tablet=&#8221;1px&#8221; body_quote_text_shadow_horizontal_length_tablet=&#8221;0px&#8221; body_quote_text_shadow_vertical_length_tablet=&#8221;0px&#8221; body_quote_text_shadow_blur_strength_tablet=&#8221;1px&#8221; box_shadow_horizontal_tablet=&#8221;0px&#8221; box_shadow_vertical_tablet=&#8221;0px&#8221; box_shadow_blur_tablet=&#8221;40px&#8221; box_shadow_spread_tablet=&#8221;0px&#8221; text_shadow_horizontal_length_tablet=&#8221;0px&#8221; text_shadow_vertical_length_tablet=&#8221;0px&#8221; text_shadow_blur_strength_tablet=&#8221;1px&#8221; use_border_color=&#8221;off&#8221; global_colors_info=&#8221;{}&#8221;]<\/p>\n<p>Der kan g\u00e5 op til 12 uger, f\u00f8r du f\u00e5r svar. Der kan g\u00e5 l\u00e6ngere tid, hvis der er ferie.<\/p>\n<p>[\/et_pb_toggle][\/et_pb_column][\/et_pb_row][\/et_pb_section][et_pb_section fb_built=&#8221;1&#8243; _builder_version=&#8221;3.22&#8243; global_colors_info=&#8221;{}&#8221;][et_pb_row _builder_version=&#8221;3.25&#8243; background_size=&#8221;initial&#8221; background_position=&#8221;top_left&#8221; background_repeat=&#8221;repeat&#8221; global_colors_info=&#8221;{}&#8221;][et_pb_column type=&#8221;4_4&#8243; _builder_version=&#8221;3.0.47&#8243; custom_padding=&#8221;|||&#8221; global_colors_info=&#8221;{}&#8221; custom_padding__hover=&#8221;|||&#8221;][\/et_pb_column][\/et_pb_row][\/et_pb_section]<\/p>\n","protected":false},"excerpt":{"rendered":"<p>Indsend manuskript &nbsp; P\u00e5 Forlaget Br\u00e6ndpunkt modtager vi gerne uopfordrede sk\u00f8nlitter\u00e6re manuskripter.Vi modtager gerne manuskripter p\u00e5 digt- og novellesamlinger. Disse skal dog have et fokus p\u00e5 aktuelle samfundsm\u00e6ssige temaer.Vi \u00f8nsker dog ikke manuskripter inden for illustrerede b\u00f8rneb\u00f8ger. For at begr\u00e6nse papirbrug \u00f8nsker vi manuskripter tilsendt digitalt til vores mail: forlaget.braendpunkt@gmail.comSend manuskriptet i WORD. Vedl\u00e6g et [&hellip;]<\/p>\n","protected":false},"author":1,"featured_media":0,"parent":0,"menu_order":3,"comment_status":"open","ping_status":"closed","template":"","meta":{"_et_pb_use_builder":"on","_et_pb_old_content":"","_et_gb_content_width":"","footnotes":""},"class_list":["post-119","page","type-page","status-publish","hentry"],"_links":{"self":[{"href":"https:\/\/xn--brndpunkt-h3a.dk\/index.php\/wp-json\/wp\/v2\/pages\/119"}],"collection":[{"href":"https:\/\/xn--brndpunkt-h3a.dk\/index.php\/wp-json\/wp\/v2\/pages"}],"about":[{"href":"https:\/\/xn--brndpunkt-h3a.dk\/index.php\/wp-json\/wp\/v2\/types\/page"}],"author":[{"embeddable":true,"href":"https:\/\/xn--brndpunkt-h3a.dk\/index.php\/wp-json\/wp\/v2\/users\/1"}],"replies":[{"embeddable":true,"href":"https:\/\/xn--brndpunkt-h3a.dk\/index.php\/wp-json\/wp\/v2\/comments?post=119"}],"version-history":[{"count":105,"href":"https:\/\/xn--brndpunkt-h3a.dk\/index.php\/wp-json\/wp\/v2\/pages\/119\/revisions"}],"predecessor-version":[{"id":26952,"href":"https:\/\/xn--brndpunkt-h3a.dk\/index.php\/wp-json\/wp\/v2\/pages\/119\/revisions\/26952"}],"wp:attachment":[{"href":"https:\/\/xn--brndpunkt-h3a.dk\/index.php\/wp-json\/wp\/v2\/media?parent=119"}],"curies":[{"name":"wp","href":"https:\/\/api.w.org\/{rel}","templated":true}]}}